{"id":486,"date":"-0001-11-30T00:00:00","date_gmt":"-0001-11-29T21:00:00","guid":{"rendered":"https:\/\/drmpoliklinik.com\/en\/?page_id=486"},"modified":"2025-05-23T10:51:52","modified_gmt":"2025-05-23T07:51:52","slug":"dr-nur-feza-erdogdu","status":"publish","type":"page","link":"https:\/\/drmpoliklinik.com\/en\/dr-nur-feza-erdogdu\/","title":{"rendered":"Dr. Nur Feza Erdo\u011fdu"},"content":{"rendered":"<h3>Education<\/h3>\n<p>HAYDARPA\u015eA NUMNE TRAINING AND RESEARCH HOSPITAL C\u0130LD\u0130YE 1994-1997<\/p>\n<p>ANKARA UNIVERSITY FACULTY OF MEDICINE 1980-1986<\/p>\n<p>TED ANKARA COLLEGE FOUNDATION 1976-1979<\/p>\n<h3>Experience<\/h3>\n<p><strong>DRM Polilik \u2013 Still ongoing<\/strong><\/p>\n<p>Dermatology Doctor<\/p>\n<p><strong>Haydarpa\u015fa Numune Training and Research Hospital<\/strong><\/p>\n<p>Skin Diseases Specialization<\/p>\n<p><strong>Ankara Refik Saydam Hospital<\/strong><\/p>\n<p>Department of Toxicology<\/p>\n<p><strong>Rize State Hospital<\/strong><\/p>\n<p>Dermatology Doctor<\/p>\n<h3>Certificates<\/h3>\n<p>Laser Systems RF<\/p>\n<p>ESC Sharplan Medical Systems \u2013 Silklight<\/p>\n<p>LYRA-I Capillary and Superficial Vein Treatment<\/p>\n<p>Reliant Fraxel 1500 Melasma \u2013 Skin Revitalization, Neck and D\u00e9collet\u00e9 Area Rejuvenation<\/p>\n<p>Thermage Pdocedure \u2013 Correcting facial and body contours with RF Waves<\/p>\n<p>Filling Collagen Application<\/p>\n<p>Medical Pnoduchs \u2013 Facial and Hair Meotherapy Applications<\/p>\n<p>Imcas-Paris<\/p>\n<p>Monaco AMWC<\/p>\n<h3>Foreign languages<\/h3>\n<p>English \u2013 Advanced,<\/p>\n","protected":false},"excerpt":{"rendered":"<p>Education HAYDARPA\u015eA NUMNE TRAINING AND RESEARCH HOSPITAL C\u0130LD\u0130YE 1994-1997 ANKARA UNIVERSITY FACULTY OF MEDICINE 1980-1986 TED ANKARA COLLEGE FOUNDATION 1976-1979 Experience DRM Polilik \u2013 Still ongoing Dermatology Doctor Haydarpa\u015fa Numune Training and Research Hospital Skin Diseases Specialization Ankara Refik Saydam Hospital Department of Toxicology Rize State Hospital Dermatology Doctor Certificates Laser Systems RF ESC Sharplan [&hellip;]<\/p>\n","protected":false},"author":1,"featured_media":2765,"parent":0,"menu_order":0,"comment_status":"closed","ping_status":"closed","template":"","meta":{"ngg_post_thumbnail":0,"footnotes":""},"class_list":["post-486","page","type-page","status-publish","has-post-thumbnail","hentry"],"_links":{"self":[{"href":"https:\/\/drmpoliklinik.com\/en\/wp-json\/wp\/v2\/pages\/486","targetHints":{"allow":["GET"]}}],"collection":[{"href":"https:\/\/drmpoliklinik.com\/en\/wp-json\/wp\/v2\/pages"}],"about":[{"href":"https:\/\/drmpoliklinik.com\/en\/wp-json\/wp\/v2\/types\/page"}],"author":[{"embeddable":true,"href":"https:\/\/drmpoliklinik.com\/en\/wp-json\/wp\/v2\/users\/1"}],"replies":[{"embeddable":true,"href":"https:\/\/drmpoliklinik.com\/en\/wp-json\/wp\/v2\/comments?post=486"}],"version-history":[{"count":3,"href":"https:\/\/drmpoliklinik.com\/en\/wp-json\/wp\/v2\/pages\/486\/revisions"}],"predecessor-version":[{"id":2888,"href":"https:\/\/drmpoliklinik.com\/en\/wp-json\/wp\/v2\/pages\/486\/revisions\/2888"}],"wp:featuredmedia":[{"embeddable":true,"href":"https:\/\/drmpoliklinik.com\/en\/wp-json\/wp\/v2\/media\/2765"}],"wp:attachment":[{"href":"https:\/\/drmpoliklinik.com\/en\/wp-json\/wp\/v2\/media?parent=486"}],"curies":[{"name":"wp","href":"https:\/\/api.w.org\/{rel}","templated":true}]}}